{"id":123,"date":"2023-12-15T09:01:56","date_gmt":"2023-12-15T07:01:56","guid":{"rendered":"https:\/\/portovidali.gr\/DEMO\/%ce%b1%cf%81%cf%87%ce%b9%ce%ba%ce%ae\/"},"modified":"2025-05-12T18:11:17","modified_gmt":"2025-05-12T16:11:17","slug":"maison","status":"publish","type":"page","link":"https:\/\/portovidali.gr\/fr\/","title":{"rendered":"Maison"},"content":{"rendered":"<div>Book Online<\/div>\n<div><iframe src=\"https:\/\/portovidali.reserve-online.net\/\/widgets\/embed\/?lang=en_GB&#038;target=_blank&#038;buttonStyle=border-radius%3A%200px%3B%20background%3A%20%23000%3B%20color%3A%20white%3B%20border%3A%20none%3B%20padding%3A%205px%2015px&#038;nobg\" width=800 height=200 style=\"border:none\"><\/iframe><\/div>\n<div><iframe src=\"https:\/\/portovidali.reserve-online.net\/\/widgets\/embed\/?lang=en_GB&#038;target=_blank&#038;buttonStyle=border-radius%3A%200px%3B%20background%3A%20%23000%3B%20color%3A%20white%3B%20border%3A%20none%3B%20padding%3A%205px%2015px&#038;nobg\" width=360 height=220 style=\"border:none\"><\/iframe><\/div>\n<h1>Appartements Tinos<\/h1>\n<h2>Bienvenus \u00e0 <br \/>Porto Vidali<\/h2>\n<div>Au joli r\u00e8glement du Saint-Jean r\u00e9gion Porto qui se trouve \u00e0 6km d\u2019 est du centre de Tinos.<\/p>\n<p>L\u00e0, nous avons adorablement cr\u00e9e, influenc\u00e9s par l\u2019 architecture traditionnelle des Cyclades, notre complexe r\u00e9sidentiel, Porto Vidali. C\u2019 est le point o\u00f9 a pente de la montagne s\u2019\u00e9loigne de 350m par la plage de sable de Saint-Jean Porto. L\u2019 unique v\u00e9randa du chaque appartement de nous, vous donne la possibilit\u00e9 d\u2019 une magnifique vue panoramique sur la plage et la mer profonde.<\/p>\n<p>L\u2019 horizon joue du cache-cache avec Dilos et Mykonos, tandis qu\u2019 apr\u00e8s le coucher du soleil, les lumi\u00e8res mykoni\u00e9nnes clignotent en essayant de ressembler aux \u00e9toiles. Un environnement particuli\u00e8rement attentionn\u00e9 et chaleureux, avec un service amical et personnalis\u00e9 qui impressionne nos visiteurs depuis longtemps, offrant une sensation caract\u00e9ristique de bien-\u00eatre et de confort. <\/p><\/div>\n<p><p>\n        <a href=\"https:\/\/portovidali.reserve-online.net\/\">Faites votre r\u00e9servation<\/a>\n    <\/p>\n<\/p>\n<h2>Chambres<\/h2>\n<div>\n<p>        <img decoding=\"async\" src=\"\/wp-content\/uploads\/2023\/12\/rooms\/standard3\/room3-2.jpg\" alt=\"Appartements Tinos\"><\/p>\n<h3>Standard Studio<\/h3>\n<p>Pour deux&#8230;<\/p>\n<p><a href=\"https:\/\/portovidali.gr\/fr\/appartements\/#standardstudiosfr\"><\/a><\/p>\n<\/div>\n<div>\n<p>        <img decoding=\"async\" src=\"\/wp-content\/uploads\/2023\/12\/rooms\/superior6\/room6-2.jpg\" alt=\"Appartements Tinos\"><\/p>\n<h3>Superior Apartments<\/h3>\n<p>Confort 40 m\u00e8tres quarr\u00e9s<\/p>\n<p><a href=\"https:\/\/portovidali.gr\/fr\/appartements\/#superiorapartmentsfr\"><\/a><\/p>\n<\/div>\n<div>\n<p>        <img decoding=\"async\" src=\"\/wp-content\/uploads\/2023\/12\/rooms\/family\/room4-1.jpg\" alt=\"Appartements Tinos\"><\/p>\n<h3>Family Apartment<\/h3>\n<p>Id\u00e9ale pour familles et compagnies<\/p>\n<p><a href=\"https:\/\/portovidali.gr\/fr\/appartements\/#familystudiosfr\"><\/a><\/p>\n<\/div>\n<div>\n<p>        <img decoding=\"async\" src=\"\/wp-content\/uploads\/2023\/12\/home-4.webp\" alt=\"Appartements Tinos\"><\/p>\n<h3>Upper Superior Apartments<\/h3>\n<p>Intimit\u00e9 et vue d\u2019en haut<\/p>\n<p><a href=\"https:\/\/portovidali.gr\/fr\/appartements\/#uppersuperiorapartmentsfr\"><\/a><\/p>\n<\/div>\n<h2>Pourquoi nous pr\u00e9f\u00e8rer?<\/h2>\n<ul>\n<li>\n<p>        <img decoding=\"async\" src=\"\/wp-content\/uploads\/2023\/12\/home-low-1.webp\" alt=\"Appartements Tinos\"><\/p>\n<h3>R\u00e9duction jusqu\u2019\u00e0 10% sur les billets de traversiers<\/h3>\n<p>Gagner en r\u00e9servant des billets par nous<\/p>\n<\/li>\n<li>\n<p>        <img decoding=\"async\" src=\"\/wp-content\/uploads\/2023\/12\/home-low-2.webp\" alt=\"Appartements Tinos\"><\/p>\n<h3>Garantie de plus bas prix r\u00e9el<\/h3>\n<p>\u00c9conomiser de l\u2019argent en r\u00e9servant par nous<\/p>\n<\/li>\n<li>\n<p>        <img decoding=\"async\" src=\"\/wp-content\/uploads\/2023\/12\/home-low-3.webp\" alt=\"Appartements Tinos\"><\/p>\n<h3>Excellent Rate <br \/> 9,6!<\/h3>\n<p>Meilleure note sur booking.com<\/p>\n<\/li>\n<li>\n<p>        <img decoding=\"async\" src=\"\/wp-content\/uploads\/2023\/12\/home-low-4.webp\" alt=\"Appartements Tinos\"><\/p>\n<h3>Randonn\u00e9e Amical<\/h3>\n<p>Services sp\u00e9ciaux pour les randonneurs<\/p>\n<\/li>\n<li>\n<p>        <img decoding=\"async\" src=\"\/wp-content\/uploads\/2023\/12\/home-low-5.webp\" alt=\"Appartements Tinos\"><\/p>\n<h3> Service de transport de et au port<\/h3>\n<p> Nous vous fournissons le transport \u00e0 votre arriv\u00e9e ou d\u00e9part apr\u00e8s consultation<\/p>\n<\/li>\n<li>\n<p>        <img decoding=\"async\" src=\"\/wp-content\/uploads\/2023\/12\/home-low-6.webp\" alt=\"Appartements Tinos\"><\/p>\n<h3>Place de parking priv\u00e9e gratuit<\/h3>\n<p>Place de parking priv\u00e9 gratuit \u00e0 l\u2019espace du logement<\/p>\n<\/li>\n<\/ul>\n<p><img decoding=\"async\" src=\"\/wp-content\/uploads\/2025\/05\/noa-tinos.webp\" alt=\"\"><\/p>\n<h3><a href=\"https:\/\/noatinos.gr\/en\/\">Chambres Tinos Town<\/a><\/h3>\n<div>Noa Tinos, le choix id\u00e9al pour votre s\u00e9jour \u00e0 Tinos ! Un havre de paix au bord de la mer \u00c9g\u00e9e pour un s\u00e9jour inoubliable.<\/div>\n<p><!--more--><br \/>\n<!-- {\"type\":\"layout\",\"children\":[{\"name\":\"Hero\",\"type\":\"section\",\"props\":{\"animation\":\"slide-top\",\"class\":\"hero\",\"height\":\"viewport\",\"height_offset_top\":true,\"height_viewport\":true,\"image\":\"wp-content\\\/uploads\\\/2023\\\/12\\\/home-banner.webp\",\"image_position\":\"bottom-center\",\"image_size\":\"cover\",\"media_background\":\"#1e3040\",\"overlap\":false,\"padding_remove_bottom\":false,\"style\":\"default\",\"title_breakpoint\":\"xl\",\"title_position\":\"top-left\",\"title_rotation\":\"left\",\"vertical_align\":\"middle\",\"width\":\"\"},\"children\":[{\"type\":\"row\",\"children\":[{\"type\":\"column\",\"props\":{\"image_position\":\"center-center\",\"position_sticky_breakpoint\":\"m\",\"width_medium\":\"1-1\"}}]}]},{\"name\":\"Welcome Intro\",\"type\":\"section\",\"props\":{\"animation\":\"slide-top-medium\",\"height_viewport\":false,\"image_position\":\"bottom-center\",\"image_size\":\"cover\",\"image_width\":\"1920\",\"overlap\":false,\"padding_remove_top\":true,\"style\":\"default\",\"text_color\":\"dark\",\"title_breakpoint\":\"xl\",\"title_position\":\"top-left\",\"title_rotation\":\"left\",\"vertical_align\":\"\",\"width\":\"large\"},\"children\":[{\"type\":\"row\",\"props\":{\"column_gap\":\"large\",\"margin\":\"large\",\"row_gap\":\"large\"},\"children\":[{\"type\":\"column\",\"props\":{\"image_position\":\"center-center\",\"position_sticky_breakpoint\":\"m\",\"vertical_align\":\"middle\",\"width_medium\":\"1-1\"},\"children\":[{\"type\":\"headline\",\"props\":{\"animation\":\"slide-left-medium\",\"content\":\"Book Online\",\"margin\":\"default\",\"margin_remove_top\":true,\"text_align\":\"center\",\"title_element\":\"div\",\"title_style\":\"h5\"},\"name\":\"booknow\"},{\"type\":\"text\",\"props\":{\"block_align\":\"center\",\"class\":\"booknowhome\",\"column_breakpoint\":\"m\",\"content\":\"<iframe src=\\\"https:\\\/\\\/portovidali.reserve-online.net\\\/\\\/widgets\\\/embed\\\/?lang=en_GB&target=_blank&buttonStyle=border-radius%3A%200px%3B%20background%3A%20%23000%3B%20color%3A%20white%3B%20border%3A%20none%3B%20padding%3A%205px%2015px&nobg\\\" width=800 height=200 style=\\\"border:none\\\"><\\\/iframe>\",\"margin\":\"default\",\"margin_remove_bottom\":true,\"maxwidth\":\"xlarge\",\"text_style\":\"lead\",\"visibility\":\"m\"},\"name\":\"text-pc\"},{\"type\":\"text\",\"props\":{\"block_align\":\"center\",\"column_breakpoint\":\"m\",\"content\":\"<iframe src=\\\"https:\\\/\\\/portovidali.reserve-online.net\\\/\\\/widgets\\\/embed\\\/?lang=en_GB&target=_blank&buttonStyle=border-radius%3A%200px%3B%20background%3A%20%23000%3B%20color%3A%20white%3B%20border%3A%20none%3B%20padding%3A%205px%2015px&nobg\\\" width=360 height=220 style=\\\"border:none\\\"><\\\/iframe>\",\"margin\":\"default\",\"margin_remove_bottom\":true,\"maxwidth\":\"xlarge\",\"text_align\":\"center\",\"text_style\":\"lead\",\"visibility\":\"hidden-m\"},\"name\":\"text-mobile\"},{\"type\":\"headline\",\"props\":{\"block_align\":\"center\",\"content\":\"Appartements Tinos\",\"margin_remove_top\":true,\"text_align\":\"left\",\"text_align_fallback\":\"center\",\"title_color\":\"muted\",\"title_element\":\"h1\",\"title_style\":\"h5\"}},{\"type\":\"headline\",\"props\":{\"animation\":\"slide-left-medium\",\"content\":\"Bienvenus \\u00e0 <br\\\/>Porto Vidali\",\"margin\":\"small\",\"text_align\":\"left\",\"text_align_breakpoint\":\"m\",\"text_align_fallback\":\"center\",\"title_element\":\"h2\",\"title_style\":\"heading-small\"}},{\"type\":\"text\",\"props\":{\"column_breakpoint\":\"m\",\"content\":\"Au joli r\\u00e8glement du Saint-Jean r\\u00e9gion Porto qui se trouve \\u00e0 6km d\\u2019 est du centre de Tinos.\\n\\nL\\u00e0, nous avons adorablement cr\\u00e9e, influenc\\u00e9s par l\\u2019 architecture traditionnelle des Cyclades, notre complexe r\\u00e9sidentiel, Porto Vidali. C\\u2019 est le point o\\u00f9 a pente de la montagne s\\u2019\\u00e9loigne de 350m par la plage de sable de Saint-Jean Porto. L\\u2019 unique v\\u00e9randa du chaque appartement de nous, vous donne la possibilit\\u00e9 d\\u2019 une magnifique vue panoramique sur la plage et la mer profonde.\\n\\nL\\u2019 horizon joue du cache-cache avec Dilos et Mykonos, tandis qu\\u2019 apr\\u00e8s le coucher du soleil, les lumi\\u00e8res mykoni\\u00e9nnes clignotent en essayant de ressembler aux \\u00e9toiles. Un environnement particuli\\u00e8rement attentionn\\u00e9 et chaleureux, avec un service amical et personnalis\\u00e9 qui impressionne nos visiteurs depuis longtemps, offrant une sensation caract\\u00e9ristique de bien-\\u00eatre et de confort. \",\"margin\":\"small\",\"text_align\":\"left\",\"text_align_breakpoint\":\"m\",\"text_align_fallback\":\"center\",\"text_color\":\"primary\",\"text_style\":\"large\"}}]}]},{\"type\":\"row\",\"props\":{\"margin\":\"large\"},\"children\":[{\"type\":\"column\",\"props\":{\"image_position\":\"center-center\",\"position_sticky_breakpoint\":\"m\",\"width_medium\":\"1-1\"},\"children\":[{\"type\":\"button\",\"props\":{\"grid_column_gap\":\"small\",\"grid_row_gap\":\"small\",\"margin\":\"default\"},\"children\":[{\"type\":\"button_item\",\"props\":{\"button_style\":\"default\",\"content\":\"Faites votre r\\u00e9servation\",\"dialog_layout\":\"modal\",\"dialog_offcanvas_flip\":true,\"icon\":\"calendar\",\"icon_align\":\"left\",\"link\":\"https:\\\/\\\/portovidali.reserve-online.net\\\/\",\"link_target\":\"blank\"}}]}]}]}]},{\"name\":\"Rooms\",\"type\":\"section\",\"props\":{\"animation\":\"slide-left\",\"animation_delay\":\"200\",\"image_position\":\"center-center\",\"image_size\":\"cover\",\"overlap\":true,\"padding\":\"small\",\"style\":\"muted\",\"title_breakpoint\":\"xl\",\"title_position\":\"top-left\",\"title_rotation\":\"left\",\"vertical_align\":\"\",\"width\":\"large\"},\"children\":[{\"type\":\"row\",\"children\":[{\"type\":\"column\",\"props\":{\"image_position\":\"center-center\",\"position_sticky_breakpoint\":\"m\",\"width_medium\":\"1-1\"},\"children\":[{\"type\":\"headline\",\"props\":{\"block_align\":\"center\",\"content\":\"Chambres\",\"text_align\":\"left\",\"text_align_breakpoint\":\"s\",\"text_align_fallback\":\"center\",\"title_element\":\"h2\",\"title_style\":\"h1\"}},{\"type\":\"divider\",\"props\":{\"divider_align\":\"left\",\"divider_align_breakpoint\":\"s\",\"divider_align_fallback\":\"center\",\"divider_element\":\"div\",\"divider_style\":\"small\"}}]}]},{\"type\":\"row\",\"props\":{\"layout\":\"1-2,1-2\"},\"children\":[{\"type\":\"column\",\"props\":{\"image_position\":\"center-center\",\"position_sticky_breakpoint\":\"m\",\"width_medium\":\"1-2\"},\"children\":[{\"type\":\"panel\",\"props\":{\"content\":\"\",\"content_column_breakpoint\":\"m\",\"height_expand\":true,\"icon_width\":80,\"image\":\"wp-content\\\/uploads\\\/2023\\\/12\\\/rooms\\\/standard3\\\/room3-2.jpg\",\"image_align\":\"top\",\"image_alt\":\"Appartements Tinos\",\"image_grid_breakpoint\":\"m\",\"image_grid_width\":\"1-2\",\"image_svg_color\":\"emphasis\",\"image_width\":\"920\",\"link\":\"\\\/fr\\\/appartements\\\/#standardstudiosfr\",\"link_style\":\"default\",\"link_text\":\"\",\"margin\":\"default\",\"meta\":\"Pour deux...\",\"meta_align\":\"below-title\",\"meta_element\":\"div\",\"meta_margin\":\"small\",\"meta_style\":\"text-meta\",\"panel_image_no_padding\":true,\"panel_link\":true,\"panel_link_hover\":\"true\",\"panel_padding\":\"default\",\"panel_style\":\"card-default\",\"text_align\":\"center\",\"text_align_breakpoint\":\"s\",\"text_align_fallback\":\"center\",\"title\":\"Standard Studio\",\"title_align\":\"top\",\"title_element\":\"h3\",\"title_grid_breakpoint\":\"m\",\"title_grid_width\":\"1-2\",\"title_hover_style\":\"reset\"}}]},{\"type\":\"column\",\"props\":{\"image_position\":\"center-center\",\"position_sticky_breakpoint\":\"m\",\"width_medium\":\"1-2\"},\"children\":[{\"type\":\"panel\",\"props\":{\"content\":\"\",\"content_column_breakpoint\":\"m\",\"height_expand\":true,\"icon_width\":80,\"image\":\"wp-content\\\/uploads\\\/2023\\\/12\\\/rooms\\\/superior6\\\/room6-2.jpg\",\"image_align\":\"top\",\"image_alt\":\"Appartements Tinos\",\"image_grid_breakpoint\":\"m\",\"image_grid_width\":\"1-2\",\"image_svg_color\":\"emphasis\",\"image_width\":\"920\",\"link\":\"\\\/fr\\\/appartements\\\/#superiorapartmentsfr\",\"link_style\":\"default\",\"link_text\":\"\",\"margin\":\"default\",\"meta\":\"Confort 40 m\\u00e8tres quarr\\u00e9s\",\"meta_align\":\"below-title\",\"meta_element\":\"div\",\"meta_margin\":\"small\",\"meta_style\":\"text-meta\",\"panel_image_no_padding\":true,\"panel_link\":true,\"panel_link_hover\":\"true\",\"panel_padding\":\"default\",\"panel_style\":\"card-default\",\"text_align\":\"center\",\"text_align_breakpoint\":\"s\",\"text_align_fallback\":\"center\",\"title\":\"Superior Apartments\",\"title_align\":\"top\",\"title_element\":\"h3\",\"title_grid_breakpoint\":\"m\",\"title_grid_width\":\"1-2\",\"title_hover_style\":\"reset\"}}]}]},{\"type\":\"row\",\"props\":{\"layout\":\"1-2,1-2\"},\"children\":[{\"type\":\"column\",\"props\":{\"image_position\":\"center-center\",\"position_sticky_breakpoint\":\"m\",\"width_medium\":\"1-2\"},\"children\":[{\"type\":\"panel\",\"props\":{\"content\":\"\",\"content_column_breakpoint\":\"m\",\"height_expand\":true,\"icon_width\":80,\"image\":\"wp-content\\\/uploads\\\/2023\\\/12\\\/rooms\\\/family\\\/room4-1.jpg\",\"image_align\":\"top\",\"image_alt\":\"Appartements Tinos\",\"image_grid_breakpoint\":\"m\",\"image_grid_width\":\"1-2\",\"image_svg_color\":\"emphasis\",\"image_width\":\"920\",\"link\":\"\\\/fr\\\/appartements\\\/#familystudiosfr\",\"link_style\":\"default\",\"link_text\":\"\",\"margin\":\"default\",\"meta\":\"Id\\u00e9ale pour familles et compagnies\",\"meta_align\":\"below-title\",\"meta_element\":\"div\",\"meta_margin\":\"small\",\"meta_style\":\"text-meta\",\"panel_image_no_padding\":true,\"panel_link\":true,\"panel_link_hover\":\"true\",\"panel_padding\":\"default\",\"panel_style\":\"card-default\",\"text_align\":\"center\",\"text_align_breakpoint\":\"s\",\"text_align_fallback\":\"center\",\"title\":\"Family Apartment\",\"title_align\":\"top\",\"title_element\":\"h3\",\"title_grid_breakpoint\":\"m\",\"title_grid_width\":\"1-2\",\"title_hover_style\":\"reset\"}}]},{\"type\":\"column\",\"props\":{\"image_position\":\"center-center\",\"position_sticky_breakpoint\":\"m\",\"width_medium\":\"1-2\"},\"children\":[{\"type\":\"panel\",\"props\":{\"content\":\"\",\"content_column_breakpoint\":\"m\",\"height_expand\":true,\"icon_width\":80,\"image\":\"wp-content\\\/uploads\\\/2023\\\/12\\\/home-4.webp\",\"image_align\":\"top\",\"image_alt\":\"Appartements Tinos\",\"image_grid_breakpoint\":\"m\",\"image_grid_width\":\"1-2\",\"image_svg_color\":\"emphasis\",\"image_width\":\"920\",\"link\":\"\\\/fr\\\/appartements\\\/#uppersuperiorapartmentsfr\",\"link_style\":\"default\",\"link_text\":\"\",\"margin\":\"default\",\"meta\":\"Intimit\\u00e9 et vue d\\u2019en haut\",\"meta_align\":\"below-title\",\"meta_element\":\"div\",\"meta_margin\":\"small\",\"meta_style\":\"text-meta\",\"panel_image_no_padding\":true,\"panel_link\":true,\"panel_link_hover\":\"true\",\"panel_padding\":\"default\",\"panel_style\":\"card-default\",\"text_align\":\"center\",\"text_align_breakpoint\":\"s\",\"text_align_fallback\":\"center\",\"title\":\"Upper Superior Apartments\",\"title_align\":\"top\",\"title_element\":\"h3\",\"title_grid_breakpoint\":\"m\",\"title_grid_width\":\"1-2\",\"title_hover_style\":\"reset\"}}]}]}]},{\"name\":\"Advantages\",\"type\":\"section\",\"props\":{\"animation\":\"fade\",\"animation_delay\":\"200\",\"image_position\":\"center-center\",\"image_size\":\"cover\",\"overlap\":true,\"style\":\"default\",\"title_breakpoint\":\"xl\",\"title_position\":\"top-left\",\"title_rotation\":\"left\",\"vertical_align\":\"\",\"width\":\"large\"},\"children\":[{\"type\":\"row\",\"props\":{\"column_gap\":\"medium\",\"row_gap\":\"medium\"},\"children\":[{\"type\":\"column\",\"props\":{\"image_position\":\"center-center\",\"position_sticky_breakpoint\":\"m\",\"vertical_align\":\"middle\",\"width_medium\":\"1-1\"},\"children\":[{\"type\":\"headline\",\"props\":{\"content\":\"Pourquoi nous pr\\u00e9f\\u00e8rer?\",\"text_align\":\"left\",\"title_element\":\"h2\",\"title_style\":\"h1\"}},{\"type\":\"divider\",\"props\":{\"divider_align\":\"left\",\"divider_align_breakpoint\":\"s\",\"divider_align_fallback\":\"center\",\"divider_element\":\"div\",\"divider_style\":\"small\"}},{\"type\":\"grid\",\"props\":{\"animation\":\"slide-bottom\",\"content_column_breakpoint\":\"m\",\"filter_align\":\"left\",\"filter_all\":true,\"filter_grid_breakpoint\":\"m\",\"filter_grid_width\":\"auto\",\"filter_position\":\"top\",\"filter_style\":\"tab\",\"grid_default\":\"1\",\"grid_medium\":\"3\",\"icon_width\":80,\"image_align\":\"top\",\"image_grid_breakpoint\":\"m\",\"image_grid_width\":\"1-2\",\"image_svg_color\":\"emphasis\",\"item_animation\":true,\"lightbox_bg_close\":true,\"link_style\":\"default\",\"link_text\":\"Read more\",\"margin\":\"default\",\"meta_align\":\"below-title\",\"meta_element\":\"div\",\"meta_style\":\"text-meta\",\"panel_image_no_padding\":true,\"panel_padding\":\"default\",\"panel_style\":\"card-hover\",\"parallax_easing\":\"1\",\"show_content\":true,\"show_hover_image\":true,\"show_hover_video\":true,\"show_image\":true,\"show_link\":true,\"show_meta\":true,\"show_title\":true,\"show_video\":true,\"text_align\":\"center\",\"title_align\":\"top\",\"title_element\":\"h3\",\"title_grid_breakpoint\":\"m\",\"title_grid_width\":\"1-2\",\"title_hover_style\":\"reset\",\"title_style\":\"h4\"},\"children\":[{\"type\":\"grid_item\",\"props\":{\"image\":\"wp-content\\\/uploads\\\/2023\\\/12\\\/home-low-1.webp\",\"image_alt\":\"Appartements Tinos\",\"meta\":\"Gagner en r\\u00e9servant des billets par nous\",\"title\":\"R\\u00e9duction jusqu\\u2019\\u00e0 10% sur les billets de traversiers\"}},{\"type\":\"grid_item\",\"props\":{\"image\":\"wp-content\\\/uploads\\\/2023\\\/12\\\/home-low-2.webp\",\"image_alt\":\"Appartements Tinos\",\"meta\":\"\\u00c9conomiser de l\\u2019argent en r\\u00e9servant par nous\",\"title\":\"Garantie de plus bas prix r\\u00e9el\"}},{\"type\":\"grid_item\",\"props\":{\"image\":\"wp-content\\\/uploads\\\/2023\\\/12\\\/home-low-3.webp\",\"image_alt\":\"Appartements Tinos\",\"meta\":\"Meilleure note sur booking.com\",\"title\":\"Excellent Rate <br\\\/> 9,6!\"}},{\"type\":\"grid_item\",\"props\":{\"image\":\"wp-content\\\/uploads\\\/2023\\\/12\\\/home-low-4.webp\",\"image_alt\":\"Appartements Tinos\",\"meta\":\"Services sp\\u00e9ciaux pour les randonneurs\",\"title\":\"Randonn\\u00e9e Amical\"}},{\"type\":\"grid_item\",\"props\":{\"content\":\"\",\"image\":\"wp-content\\\/uploads\\\/2023\\\/12\\\/home-low-5.webp\",\"image_alt\":\"Appartements Tinos\",\"meta\":\" Nous vous fournissons le transport \\u00e0 votre arriv\\u00e9e ou d\\u00e9part apr\\u00e8s consultation\",\"title\":\" Service de transport de et au port\"}},{\"type\":\"grid_item\",\"props\":{\"content\":\"\",\"image\":\"wp-content\\\/uploads\\\/2023\\\/12\\\/home-low-6.webp\",\"image_alt\":\"Appartements Tinos\",\"meta\":\"Place de parking priv\\u00e9 gratuit \\u00e0 l\\u2019espace du logement\",\"title\":\"Place de parking priv\\u00e9e gratuit\"}}]}]}]}]},{\"name\":\"cap\",\"type\":\"section\",\"props\":{\"animation\":\"fade\",\"animation_delay\":\"200\",\"image_position\":\"center-center\",\"image_size\":\"cover\",\"overlap\":true,\"style\":\"muted\",\"title_breakpoint\":\"xl\",\"title_position\":\"top-left\",\"title_rotation\":\"left\",\"vertical_align\":\"\",\"width\":\"large\"},\"children\":[{\"type\":\"row\",\"children\":[{\"type\":\"column\",\"props\":{\"image_position\":\"center-center\",\"position_sticky_breakpoint\":\"m\"},\"children\":[{\"type\":\"fragment\",\"props\":{\"margin\":\"default\"},\"children\":[{\"type\":\"row\",\"props\":{\"column_gap\":\"small\",\"layout\":\"1-2,1-2\",\"width\":\"xsmall\"},\"children\":[{\"type\":\"column\",\"props\":{\"image_position\":\"center-center\",\"position_sticky_breakpoint\":\"m\",\"width_medium\":\"1-2\"},\"children\":[{\"type\":\"image\",\"props\":{\"image\":\"wp-content\\\/uploads\\\/2025\\\/05\\\/noa-tinos.webp\",\"image_svg_color\":\"emphasis\",\"image_width\":320,\"margin\":\"default\",\"text_align\":\"right\",\"text_align_breakpoint\":\"m\",\"text_align_fallback\":\"center\"}}]},{\"type\":\"column\",\"props\":{\"image_position\":\"center-center\",\"position_sticky_breakpoint\":\"m\",\"width_medium\":\"1-2\"},\"children\":[{\"type\":\"headline\",\"props\":{\"content\":\"Chambres Tinos Town\",\"link\":\"https:\\\/\\\/noatinos.gr\\\/en\\\/\",\"link_style\":true,\"link_target\":true,\"text_align\":\"left\",\"title_element\":\"h3\",\"title_style\":\"h5\"}},{\"type\":\"text\",\"props\":{\"column_breakpoint\":\"m\",\"content\":\"Noa Tinos, le choix id\\u00e9al pour votre s\\u00e9jour \\u00e0 Tinos ! Un havre de paix au bord de la mer \\u00c9g\\u00e9e pour un s\\u00e9jour inoubliable.\",\"margin\":\"default\",\"maxwidth\":\"medium\"}}]}]}],\"name\":\"caption\"}]}]}]}],\"version\":\"4.5.15\"} --><\/p>\n","protected":false},"excerpt":{"rendered":"<p>Book Online Appartements Tinos Bienvenus \u00e0 Porto Vidali Au joli r\u00e8glement du Saint-Jean r\u00e9gion Porto qui se trouve \u00e0 6km d\u2019 est du centre de Tinos. L\u00e0, nous avons adorablement cr\u00e9e, influenc\u00e9s par l\u2019 architecture traditionnelle des Cyclades, notre complexe r\u00e9sidentiel, Porto Vidali. C\u2019 est le point o\u00f9 a pente de la montagne s\u2019\u00e9loigne de [&hellip;]<\/p>\n","protected":false},"author":1,"featured_media":0,"parent":0,"menu_order":0,"comment_status":"closed","ping_status":"closed","template":"","meta":{"footnotes":""},"class_list":["post-123","page","type-page","status-publish","hentry"],"aioseo_notices":[],"_links":{"self":[{"href":"https:\/\/portovidali.gr\/fr\/wp-json\/wp\/v2\/pages\/123","targetHints":{"allow":["GET"]}}],"collection":[{"href":"https:\/\/portovidali.gr\/fr\/wp-json\/wp\/v2\/pages"}],"about":[{"href":"https:\/\/portovidali.gr\/fr\/wp-json\/wp\/v2\/types\/page"}],"author":[{"embeddable":true,"href":"https:\/\/portovidali.gr\/fr\/wp-json\/wp\/v2\/users\/1"}],"replies":[{"embeddable":true,"href":"https:\/\/portovidali.gr\/fr\/wp-json\/wp\/v2\/comments?post=123"}],"version-history":[{"count":3,"href":"https:\/\/portovidali.gr\/fr\/wp-json\/wp\/v2\/pages\/123\/revisions"}],"predecessor-version":[{"id":818,"href":"https:\/\/portovidali.gr\/fr\/wp-json\/wp\/v2\/pages\/123\/revisions\/818"}],"wp:attachment":[{"href":"https:\/\/portovidali.gr\/fr\/wp-json\/wp\/v2\/media?parent=123"}],"curies":[{"name":"wp","href":"https:\/\/api.w.org\/{rel}","templated":true}]}}