{"id":128,"date":"2023-12-15T14:59:21","date_gmt":"2023-12-15T12:59:21","guid":{"rendered":"https:\/\/portovidali.gr\/DEMO\/%cf%80%ce%b1%cf%81%ce%bf%cf%87%ce%ad%cf%82-%cf%80%ce%b5%ce%b6%ce%bf%cf%80%cf%8c%cf%81%cf%89%ce%bd\/"},"modified":"2023-12-29T17:00:02","modified_gmt":"2023-12-29T15:00:02","slug":"randonnee-tinos","status":"publish","type":"page","link":"https:\/\/portovidali.gr\/fr\/randonnee-tinos\/","title":{"rendered":"Services des randonneurs"},"content":{"rendered":"<h1>Services des randonneurs<\/h1>\n<div>Porto Vidali est situ\u00e9 \u00e0 seulement 150 m\u00e8tres du d\u00e9but de l&rsquo;itin\u00e9raire T2 balis\u00e9.<br \/>\nAgios Ioannis Porto &#8211; Dyo Choria &#8211; Agios Sostis &#8211; Agios Ioannis Porto<\/div>\n<p><img decoding=\"async\" src=\"\/DEMO\/wp-content\/uploads\/2023\/12\/hiking.webp\" alt=\"randonnee tinos\"><\/p>\n<div>\n<p>Nous offrons une vari\u00e9t\u00e9 d&rsquo;activit\u00e9s de plein air \u00e0 nos visiteurs. La randonn\u00e9e est certainement la meilleure fa\u00e7on de d\u00e9couvrir Tinos.<\/p>\n<p>Si vous aimez marcher dans des sentiers naturels \u00ab\u00a0faits \u00e0 la main\u00a0\u00bb dans la campagne et que vous souhaitez explorer les paysages uniques de l&rsquo;\u00eele, Porto Vidali est le meilleur point de d\u00e9part.<\/p>\n<p>Nous sommes \u00e0 votre disposition pour vous proposer les meilleurs sentiers de randonn\u00e9e et vous fournir le mat\u00e9riel d&rsquo;information appropri\u00e9 et les cartes annexes (sous forme imprim\u00e9e ou \u00e9lectronique). Nous avons du mat\u00e9riel de randonn\u00e9e comme des sacs \u00e0 dos, des b\u00e2tons de randonn\u00e9e, des imperm\u00e9ables ainsi qu&rsquo;une trousse de premiers soins enti\u00e8rement \u00e9quip\u00e9e.<\/p>\n<p>Nous pouvons \u00e9galement vous offrir un d\u00e9jeuner sain dans un forfait \u00e0 d\u00e9guster pendant la randonn\u00e9e. (*)<br \/>\u00a0Lorsque vous revenez de votre randonn\u00e9e, vous pouvez laver vos chaussures et s\u00e9cher vos v\u00eatements.<\/p>\n<p>Si vous le souhaitez, vous pouvez \u00eatre accompagn\u00e9 par l&rsquo;un des chauffeurs exp\u00e9riment\u00e9s et ind\u00e9pendants avec lesquels nous travaillons, qui vous fourniront de nombreuses informations int\u00e9ressantes et vous d\u00e9voileront les secrets cach\u00e9s des itin\u00e9raires. Les guides de randonn\u00e9e avec lesquels nous travaillons sont certifi\u00e9s par RTI &#8211; Rescue Training International pour fournir les premiers soins. (*)<\/p>\n<p>Vous pouvez commencer votre journ\u00e9e avec un petit d\u00e9jeuner nutritif \u00e0 base de produits locaux, qui vous donnera toute l&rsquo;\u00e9nergie n\u00e9cessaire \u00e0 une randonn\u00e9e. (*)<\/p>\n<p>Pour plus d&rsquo;informations, vous pouvez contacter l&rsquo;\u00e9quipe de Porto Vidali.<\/p>\n<\/div>\n<hr>\n<div>Porto Vidali dispose des services suivantes pour les randonneurs:<\/div>\n<ul>\n<li>\n<div>Le personnel de notre r\u00e9ception est inform\u00e9 du r\u00e9seau de sentiers de Tinos.<\/div>\n<\/li>\n<li>\n<div>Nous fournissons quotidiennement des informations sur la m\u00e9t\u00e9o, les transports publics, les taxis, les pharmacies, les t\u00e9l\u00e9phones d&rsquo;urgence, les attractions touristiques de la r\u00e9gion (mus\u00e9es, monuments, etc.) et les \u00e9v\u00e9nements culturels de la r\u00e9gion (festivals, etc.)<\/div>\n<\/li>\n<li>\n<div>Nous avons des cartes avec les chemins de Tinos et une biblioth\u00e8que avec des livres sur la nature et la culture de la Gr\u00e8ce et de Tinos.<\/div>\n<\/li>\n<li>\n<div>Nous avons des b\u00e2tons de randonn\u00e9e faits \u00e0 la main, des trousses de premiers soins, des sacs \u00e0 dos de randonn\u00e9e, des housses imperm\u00e9ables, de l&rsquo;eau potable, des jumelles.<\/div>\n<\/li>\n<li>\n<div>Nous fournissons une carte num\u00e9rique qui fonctionne hors ligne pour les \u00ab\u00a0t\u00e9l\u00e9phones intelligents\u00a0\u00bb.<\/div>\n<\/li>\n<li>\n<div>Nous fournissons un \u00e9cran solaire et des insectifuges. (*)<\/div>\n<\/li>\n<li>\n<div>Nous fournissons des informations sur les magasins qui proposent un petit-d\u00e9jeuner adapt\u00e9 aux randonneurs t\u00f4t le matin et des informations sur les restaurants les plus proches.<\/div>\n<\/li>\n<li>\n<div>Nous avons des boissons chaudes pour la chaleur des randonneurs, des produits comestibles qui donnent de l&rsquo;\u00e9nergie et des d\u00e9jeuners dans un restaurant partenaire. (*)<\/div>\n<\/li>\n<li>\n<div>Nous assurons le transport vers et depuis les transports en commun, la possibilit\u00e9 de transporter des pi\u00e9tons depuis et vers le d\u00e9but ou la fin du chemin et le service de transport de bagages. (*)<\/div>\n<\/li>\n<li>\n<div>Nous proposons une visite guid\u00e9e des sentiers. (*)<\/div>\n<\/li>\n<li>\n<div>Nous avons une zone sp\u00e9ciale pour s\u00e9cher les v\u00eatements et stocker les chaussures d&rsquo;alpinisme, une machine \u00e0 laver externe pour laver les chaussures boueuses et les brosses.<\/div>\n<\/li>\n<li>\n<div>Nous avons des sacs pour les d\u00e9chets des pi\u00e9tons, des cr\u00e8mes apaisantes pour les pieds, l&rsquo;hydratation du visage et des mains, etc., des d\u00e9tergents biod\u00e9gradables pour une utilisation en randonn\u00e9e.<\/div>\n<\/li>\n<li>\n<div>Enfin, nous avons des films et des documentaires sur la nature ou la culture de Tinos.<\/div>\n<\/li>\n<\/ul>\n<div><em>* Activit\u00e9 avec suppl\u00e9ment<\/em><\/div>\n<p><!--more--><br \/>\n<!-- {\"type\":\"layout\",\"children\":[{\"name\":\"Hero\",\"type\":\"section\",\"props\":{\"animation\":\"slide-left\",\"animation_delay\":\"200\",\"image_position\":\"center-center\",\"padding\":\"large\",\"padding_remove_bottom\":true,\"style\":\"default\",\"title_breakpoint\":\"xl\",\"title_position\":\"top-left\",\"title_rotation\":\"left\",\"vertical_align\":\"\",\"width\":\"large\"},\"children\":[{\"type\":\"row\",\"children\":[{\"type\":\"column\",\"props\":{\"image_position\":\"center-center\",\"position_sticky_breakpoint\":\"m\",\"width_medium\":\"1-1\"},\"children\":[{\"type\":\"headline\",\"props\":{\"animation\":\"parallax\",\"content\":\"Services des randonneurs\",\"maxwidth\":\"2xlarge\",\"parallax_breakpoint\":\"m\",\"parallax_easing\":\"1\",\"parallax_y\":\"0,-50\",\"title_element\":\"h1\",\"title_style\":\"heading-small\"}},{\"type\":\"headline\",\"props\":{\"content\":\"Porto Vidali est situ\\u00e9 \\u00e0 seulement 150 m\\u00e8tres du d\\u00e9but de l'itin\\u00e9raire T2 balis\\u00e9.<br \/>\\nAgios Ioannis Porto - Dyo Choria - Agios Sostis - Agios Ioannis Porto\",\"margin_remove_top\":true,\"title_color\":\"muted\",\"title_element\":\"div\",\"title_style\":\"h5\"}}]}]}]},{\"name\":\"Contact\",\"type\":\"section\",\"props\":{\"animation\":\"scale-up\",\"animation_delay\":\"200\",\"image_position\":\"center-center\",\"padding\":\"small\",\"padding_remove_top\":false,\"style\":\"default\",\"title_breakpoint\":\"xl\",\"title_position\":\"top-left\",\"title_rotation\":\"left\",\"vertical_align\":\"\",\"width\":\"\"},\"children\":[{\"type\":\"row\",\"props\":{\"column_gap\":\"collapse\",\"layout\":\"1-3,2-3\",\"margin_remove_bottom\":true,\"margin_remove_top\":true,\"row_gap\":\"collapse\",\"width\":\"xlarge\"},\"children\":[{\"type\":\"column\",\"props\":{\"image_position\":\"center-center\",\"position_sticky_breakpoint\":\"m\",\"style\":\"tile-muted\",\"width_large\":\"1-3\"},\"children\":[{\"type\":\"image\",\"props\":{\"image\":\"wp-content\\\/uploads\\\/2023\\\/12\\\/hiking.webp\",\"image_alt\":\"randonnee tinos\",\"image_box_shadow\":\"xlarge\",\"image_svg_color\":\"emphasis\",\"margin\":\"default\"}}]},{\"type\":\"column\",\"props\":{\"image_position\":\"center-center\",\"position_sticky_breakpoint\":\"m\",\"style\":\"tile-muted\",\"width_large\":\"2-3\"},\"children\":[{\"type\":\"text\",\"props\":{\"block_align\":\"center\",\"column_breakpoint\":\"m\",\"content\":\"\n\n<p>Nous offrons une vari\\u00e9t\\u00e9 d'activit\\u00e9s de plein air \\u00e0 nos visiteurs. La randonn\\u00e9e est certainement la meilleure fa\\u00e7on de d\\u00e9couvrir Tinos.<\\\/p>\\n\n\n<p>Si vous aimez marcher dans des sentiers naturels \\\"faits \\u00e0 la main\\\" dans la campagne et que vous souhaitez explorer les paysages uniques de l'\\u00eele, Porto Vidali est le meilleur point de d\\u00e9part.<\\\/p>\\n\n\n<p>Nous sommes \\u00e0 votre disposition pour vous proposer les meilleurs sentiers de randonn\\u00e9e et vous fournir le mat\\u00e9riel d'information appropri\\u00e9 et les cartes annexes (sous forme imprim\\u00e9e ou \\u00e9lectronique). Nous avons du mat\\u00e9riel de randonn\\u00e9e comme des sacs \\u00e0 dos, des b\\u00e2tons de randonn\\u00e9e, des imperm\\u00e9ables ainsi qu'une trousse de premiers soins enti\\u00e8rement \\u00e9quip\\u00e9e.<\\\/p>\\n\n\n<p>Nous pouvons \\u00e9galement vous offrir un d\\u00e9jeuner sain dans un forfait \\u00e0 d\\u00e9guster pendant la randonn\\u00e9e. (*)<br \/>\\u00a0Lorsque vous revenez de votre randonn\\u00e9e, vous pouvez laver vos chaussures et s\\u00e9cher vos v\\u00eatements.<\\\/p>\\n\n\n<p>Si vous le souhaitez, vous pouvez \\u00eatre accompagn\\u00e9 par l'un des chauffeurs exp\\u00e9riment\\u00e9s et ind\\u00e9pendants avec lesquels nous travaillons, qui vous fourniront de nombreuses informations int\\u00e9ressantes et vous d\\u00e9voileront les secrets cach\\u00e9s des itin\\u00e9raires. Les guides de randonn\\u00e9e avec lesquels nous travaillons sont certifi\\u00e9s par RTI - Rescue Training International pour fournir les premiers soins. (*)<\\\/p>\\n\n\n<p>Vous pouvez commencer votre journ\\u00e9e avec un petit d\\u00e9jeuner nutritif \\u00e0 base de produits locaux, qui vous donnera toute l'\\u00e9nergie n\\u00e9cessaire \\u00e0 une randonn\\u00e9e. (*)<\\\/p>\\n\n\n<p>Pour plus d'informations, vous pouvez contacter l'\\u00e9quipe de Porto Vidali.<\\\/p>\",\"dropcap\":true,\"margin\":\"default\"}}]}]},{\"type\":\"row\",\"children\":[{\"type\":\"column\",\"props\":{\"image_position\":\"center-center\",\"position_sticky_breakpoint\":\"m\"},\"children\":[{\"type\":\"divider\",\"props\":{\"divider_element\":\"hr\"}}]}]}]},{\"name\":\"Contact\",\"type\":\"section\",\"props\":{\"animation\":\"scale-up\",\"animation_delay\":\"200\",\"image_position\":\"center-center\",\"padding\":\"small\",\"padding_remove_top\":true,\"style\":\"default\",\"title_breakpoint\":\"xl\",\"title_position\":\"top-left\",\"title_rotation\":\"left\",\"vertical_align\":\"\",\"width\":\"\"},\"children\":[{\"type\":\"row\",\"props\":{\"column_gap\":\"collapse\",\"margin_remove_top\":true,\"row_gap\":\"collapse\",\"width\":\"xlarge\"},\"children\":[{\"type\":\"column\",\"props\":{\"image_position\":\"center-center\",\"position_sticky_breakpoint\":\"m\",\"style\":\"tile-muted\",\"width_large\":\"1-1\"},\"children\":[{\"type\":\"headline\",\"props\":{\"content\":\"Porto Vidali dispose des services suivantes pour les randonneurs:\",\"title_element\":\"div\",\"title_style\":\"h4\"}},{\"type\":\"list\",\"props\":{\"column_breakpoint\":\"m\",\"image_align\":\"left\",\"image_svg_color\":\"emphasis\",\"image_vertical_align\":true,\"list_element\":\"ul\",\"list_horizontal_separator\":\", \",\"list_size\":\"large\",\"list_style\":\"divider\",\"list_type\":\"vertical\",\"show_image\":true,\"show_link\":true},\"children\":[{\"type\":\"list_item\",\"props\":{\"content\":\"Le personnel de notre r\\u00e9ception est inform\\u00e9 du r\\u00e9seau de sentiers de Tinos.\",\"icon\":\"check\",\"icon_color\":\"secondary\"}},{\"type\":\"list_item\",\"props\":{\"content\":\"Nous fournissons quotidiennement des informations sur la m\\u00e9t\\u00e9o, les transports publics, les taxis, les pharmacies, les t\\u00e9l\\u00e9phones d'urgence, les attractions touristiques de la r\\u00e9gion (mus\\u00e9es, monuments, etc.) et les \\u00e9v\\u00e9nements culturels de la r\\u00e9gion (festivals, etc.)\",\"icon\":\"check\",\"icon_color\":\"secondary\"}},{\"type\":\"list_item\",\"props\":{\"content\":\"Nous avons des cartes avec les chemins de Tinos et une biblioth\\u00e8que avec des livres sur la nature et la culture de la Gr\\u00e8ce et de Tinos.\",\"icon\":\"check\",\"icon_color\":\"secondary\"}},{\"type\":\"list_item\",\"props\":{\"content\":\"Nous avons des b\\u00e2tons de randonn\\u00e9e faits \\u00e0 la main, des trousses de premiers soins, des sacs \\u00e0 dos de randonn\\u00e9e, des housses imperm\\u00e9ables, de l'eau potable, des jumelles.\",\"icon\":\"check\",\"icon_color\":\"secondary\"}},{\"type\":\"list_item\",\"props\":{\"content\":\"Nous fournissons une carte num\\u00e9rique qui fonctionne hors ligne pour les \\\"t\\u00e9l\\u00e9phones intelligents\\\".\",\"icon\":\"check\",\"icon_color\":\"secondary\"}},{\"type\":\"list_item\",\"props\":{\"content\":\"Nous fournissons un \\u00e9cran solaire et des insectifuges. (*)\",\"icon\":\"check\",\"icon_color\":\"secondary\"}},{\"type\":\"list_item\",\"props\":{\"content\":\"Nous fournissons des informations sur les magasins qui proposent un petit-d\\u00e9jeuner adapt\\u00e9 aux randonneurs t\\u00f4t le matin et des informations sur les restaurants les plus proches.\",\"icon\":\"check\",\"icon_color\":\"secondary\"}},{\"type\":\"list_item\",\"props\":{\"content\":\"Nous avons des boissons chaudes pour la chaleur des randonneurs, des produits comestibles qui donnent de l'\\u00e9nergie et des d\\u00e9jeuners dans un restaurant partenaire. (*)\",\"icon\":\"check\",\"icon_color\":\"secondary\"}},{\"type\":\"list_item\",\"props\":{\"content\":\"Nous assurons le transport vers et depuis les transports en commun, la possibilit\\u00e9 de transporter des pi\\u00e9tons depuis et vers le d\\u00e9but ou la fin du chemin et le service de transport de bagages. (*)\",\"icon\":\"check\",\"icon_color\":\"secondary\"}},{\"type\":\"list_item\",\"props\":{\"content\":\"Nous proposons une visite guid\\u00e9e des sentiers. (*)\",\"icon\":\"check\",\"icon_color\":\"secondary\"}},{\"type\":\"list_item\",\"props\":{\"content\":\"Nous avons une zone sp\\u00e9ciale pour s\\u00e9cher les v\\u00eatements et stocker les chaussures d'alpinisme, une machine \\u00e0 laver externe pour laver les chaussures boueuses et les brosses.\",\"icon\":\"check\",\"icon_color\":\"secondary\"}},{\"type\":\"list_item\",\"props\":{\"content\":\"Nous avons des sacs pour les d\\u00e9chets des pi\\u00e9tons, des cr\\u00e8mes apaisantes pour les pieds, l'hydratation du visage et des mains, etc., des d\\u00e9tergents biod\\u00e9gradables pour une utilisation en randonn\\u00e9e.\",\"icon\":\"check\",\"icon_color\":\"secondary\"}},{\"type\":\"list_item\",\"props\":{\"content\":\"Enfin, nous avons des films et des documentaires sur la nature ou la culture de Tinos.\",\"icon\":\"check\",\"icon_color\":\"secondary\"}}]},{\"type\":\"headline\",\"props\":{\"content\":\"<em>* Activit\\u00e9 avec suppl\\u00e9ment<\\\/em>\",\"title_element\":\"div\",\"title_style\":\"h6\"}}]}]}]}],\"version\":\"4.2.11\"} --><\/p>\n","protected":false},"excerpt":{"rendered":"<p>Services des randonneurs Porto Vidali est situ\u00e9 \u00e0 seulement 150 m\u00e8tres du d\u00e9but de l&rsquo;itin\u00e9raire T2 balis\u00e9. Agios Ioannis Porto &#8211; Dyo Choria &#8211; Agios Sostis &#8211; Agios Ioannis Porto Nous offrons une vari\u00e9t\u00e9 d&rsquo;activit\u00e9s de plein air \u00e0 nos visiteurs. La randonn\u00e9e est certainement la meilleure fa\u00e7on de d\u00e9couvrir Tinos. Si vous aimez marcher [&hellip;]<\/p>\n","protected":false},"author":1,"featured_media":0,"parent":0,"menu_order":0,"comment_status":"closed","ping_status":"closed","template":"","meta":{"footnotes":""},"class_list":["post-128","page","type-page","status-publish","hentry"],"aioseo_notices":[],"_links":{"self":[{"href":"https:\/\/portovidali.gr\/fr\/wp-json\/wp\/v2\/pages\/128","targetHints":{"allow":["GET"]}}],"collection":[{"href":"https:\/\/portovidali.gr\/fr\/wp-json\/wp\/v2\/pages"}],"about":[{"href":"https:\/\/portovidali.gr\/fr\/wp-json\/wp\/v2\/types\/page"}],"author":[{"embeddable":true,"href":"https:\/\/portovidali.gr\/fr\/wp-json\/wp\/v2\/users\/1"}],"replies":[{"embeddable":true,"href":"https:\/\/portovidali.gr\/fr\/wp-json\/wp\/v2\/comments?post=128"}],"version-history":[{"count":0,"href":"https:\/\/portovidali.gr\/fr\/wp-json\/wp\/v2\/pages\/128\/revisions"}],"wp:attachment":[{"href":"https:\/\/portovidali.gr\/fr\/wp-json\/wp\/v2\/media?parent=128"}],"curies":[{"name":"wp","href":"https:\/\/api.w.org\/{rel}","templated":true}]}}