{"id":129,"date":"2023-12-15T15:10:59","date_gmt":"2023-12-15T13:10:59","guid":{"rendered":"https:\/\/portovidali.gr\/DEMO\/%cf%80%ce%bb%ce%b7%cf%81%ce%bf%cf%86%ce%bf%cf%81%ce%af%ce%b5%cf%82-%ce%b4%ce%b9%ce%b1%ce%bc%ce%bf%ce%bd%ce%ae%cf%82\/"},"modified":"2023-12-29T16:59:10","modified_gmt":"2023-12-29T14:59:10","slug":"informations-hebergement","status":"publish","type":"page","link":"https:\/\/portovidali.gr\/fr\/informations-hebergement\/","title":{"rendered":"Informations de s\u00e9jour"},"content":{"rendered":"<h1>Informations de s\u00e9jour<\/h1>\n<div>Pour votre propre service, nous tenons \u00e0 vous informer que:<\/div>\n<ul>\n<li>\n<div>Nous vous fournissons le transport \u00e0 votre arriv\u00e9e ou d\u00e9part apr\u00e8s consultation<\/div>\n<\/li>\n<li>\n<div>e service de nettoyage des chambres prend lieu quotidiennement de 11:00 a 14:00 heures<\/div>\n<\/li>\n<li>\n<div>Le changement des draps de lit et des serviettes se passer chaque 3 jours.<\/div>\n<\/li>\n<li>\n<div>Les heures communes de tranquillit\u00e9 d&rsquo;esprit sont de 23: 00 jusqu\u2019 \u00e0 09: 00.<\/div>\n<\/li>\n<li>\n<div>Les f\u00eates et les \u00e9v\u00e9nements ne sont pas autoris\u00e9s.<\/div>\n<\/li>\n<li>\n<div>Les animaux de compagnie ne sont pas permis.<\/div>\n<\/li>\n<li>\n<div>Si vous constatez des damages dans votre chambre \u00e0 votre arrivent, merci de nous signaler.<\/div>\n<\/li>\n<li>\n<div>Pour tout damage que vous causez, vous \u00eates accablent du montant \u00e9quivalent.<\/div>\n<\/li>\n<\/ul>\n<p><!--more--><br \/>\n<!-- {\"type\":\"layout\",\"children\":[{\"type\":\"section\",\"props\":{\"image_position\":\"center-center\",\"style\":\"default\",\"title_breakpoint\":\"xl\",\"title_position\":\"top-left\",\"title_rotation\":\"left\",\"vertical_align\":\"middle\",\"width\":\"large\"},\"children\":[{\"type\":\"row\",\"children\":[{\"type\":\"column\",\"props\":{\"image_position\":\"center-center\",\"position_sticky_breakpoint\":\"m\",\"width_medium\":\"1-1\"},\"children\":[{\"type\":\"headline\",\"props\":{\"content\":\"Informations de s\\u00e9jour\",\"title_element\":\"h1\",\"title_style\":\"heading-small\"}}]}]}]},{\"type\":\"section\",\"props\":{\"animation\":\"fade\",\"image_position\":\"center-center\",\"style\":\"default\",\"title_breakpoint\":\"xl\",\"title_position\":\"top-left\",\"title_rotation\":\"left\",\"vertical_align\":\"middle\",\"width\":\"large\"},\"children\":[{\"type\":\"row\",\"children\":[{\"type\":\"column\",\"props\":{\"image_position\":\"center-center\",\"position_sticky_breakpoint\":\"m\",\"width_medium\":\"1-1\"},\"children\":[{\"type\":\"headline\",\"props\":{\"content\":\"Pour votre propre service, nous tenons \\u00e0 vous informer que:\",\"title_element\":\"div\",\"title_style\":\"h4\"}},{\"type\":\"list\",\"props\":{\"column_breakpoint\":\"m\",\"image_align\":\"left\",\"image_svg_color\":\"emphasis\",\"image_vertical_align\":true,\"list_element\":\"ul\",\"list_horizontal_separator\":\", \",\"list_marker\":\"bullet\",\"list_type\":\"vertical\",\"show_image\":true,\"show_link\":true},\"children\":[{\"type\":\"list_item\",\"props\":{\"content\":\"Nous vous fournissons le transport \\u00e0 votre arriv\\u00e9e ou d\\u00e9part apr\\u00e8s consultation\"}},{\"type\":\"list_item\",\"props\":{\"content\":\"e service de nettoyage des chambres prend lieu quotidiennement de 11:00 a 14:00 heures\"}},{\"type\":\"list_item\",\"props\":{\"content\":\"Le changement des draps de lit et des serviettes se passer chaque 3 jours.\"}},{\"type\":\"list_item\",\"props\":{\"content\":\"Les heures communes de tranquillit\\u00e9 d'esprit sont de 23: 00 jusqu\\u2019 \\u00e0 09: 00.\"}},{\"type\":\"list_item\",\"props\":{\"content\":\"Les f\\u00eates et les \\u00e9v\\u00e9nements ne sont pas autoris\\u00e9s.\"}},{\"type\":\"list_item\",\"props\":{\"content\":\"Les animaux de compagnie ne sont pas permis.\"}},{\"type\":\"list_item\",\"props\":{\"content\":\"Si vous constatez des damages dans votre chambre \\u00e0 votre arrivent, merci de nous signaler.\"}},{\"type\":\"list_item\",\"props\":{\"content\":\"Pour tout damage que vous causez, vous \\u00eates accablent du montant \\u00e9quivalent.\"}}]}]}]}]}],\"version\":\"4.2.11\"} --><\/p>\n","protected":false},"excerpt":{"rendered":"<p>Informations de s\u00e9jour Pour votre propre service, nous tenons \u00e0 vous informer que: Nous vous fournissons le transport \u00e0 votre arriv\u00e9e ou d\u00e9part apr\u00e8s consultation e service de nettoyage des chambres prend lieu quotidiennement de 11:00 a 14:00 heures Le changement des draps de lit et des serviettes se passer chaque 3 jours. Les heures [&hellip;]<\/p>\n","protected":false},"author":1,"featured_media":0,"parent":0,"menu_order":0,"comment_status":"closed","ping_status":"closed","template":"","meta":{"footnotes":""},"class_list":["post-129","page","type-page","status-publish","hentry"],"aioseo_notices":[],"_links":{"self":[{"href":"https:\/\/portovidali.gr\/fr\/wp-json\/wp\/v2\/pages\/129","targetHints":{"allow":["GET"]}}],"collection":[{"href":"https:\/\/portovidali.gr\/fr\/wp-json\/wp\/v2\/pages"}],"about":[{"href":"https:\/\/portovidali.gr\/fr\/wp-json\/wp\/v2\/types\/page"}],"author":[{"embeddable":true,"href":"https:\/\/portovidali.gr\/fr\/wp-json\/wp\/v2\/users\/1"}],"replies":[{"embeddable":true,"href":"https:\/\/portovidali.gr\/fr\/wp-json\/wp\/v2\/comments?post=129"}],"version-history":[{"count":0,"href":"https:\/\/portovidali.gr\/fr\/wp-json\/wp\/v2\/pages\/129\/revisions"}],"wp:attachment":[{"href":"https:\/\/portovidali.gr\/fr\/wp-json\/wp\/v2\/media?parent=129"}],"curies":[{"name":"wp","href":"https:\/\/api.w.org\/{rel}","templated":true}]}}