{"id":130,"date":"2023-12-15T15:10:36","date_gmt":"2023-12-15T13:10:36","guid":{"rendered":"https:\/\/portovidali.gr\/DEMO\/%cf%80%ce%bf%ce%bb%ce%b9%cf%84%ce%b9%ce%ba%ce%ae-%ce%ba%cf%81%ce%b1%cf%84%ce%ae%cf%83%ce%b5%cf%89%ce%bd\/"},"modified":"2025-04-18T19:49:11","modified_gmt":"2025-04-18T17:49:11","slug":"politique-de-reservation","status":"publish","type":"page","link":"https:\/\/portovidali.gr\/fr\/politique-de-reservation\/","title":{"rendered":"Politique de Reservation"},"content":{"rendered":"<h1>Politique de Reservation<\/h1>\n<h2>Finances<\/h2>\n<ul>\n<li>\n<h3>Quelle avance dois-je donner?<\/h3>\n<div>Pour l&rsquo;accomplissement de la r\u00e9servation, le visiteur est oblig\u00e9 de donner en avance le 25% de la somme total du s\u00e9jour, en le d\u00e9posant \u00e0 un num\u00e9ro bancaire. Le somme de l&rsquo;avance ne peut pas \u00eatre inf\u00e9rieur \u00e0 la location d\u2019un jour. La r\u00e9servation est consid\u00e9r\u00e9e comme invalide si le somme de l&rsquo;avance n\u2019est pas d\u00e9pos\u00e9 comme pr\u00e9vu.<\/div>\n<\/li>\n<li>\n<h3>Quelles mani\u00e8res de d\u00e9position existent-elles?<\/h3>\n<div>\n<p>Vous pouvez d\u00e9poser le somme qui correspond \u00e0 votre r\u00e9servation aux banques au-dessous:<\/p>\n<p><strong>National\/Ethniki Bank<\/strong> &#8211; Num\u00e9ro bancaire IBAN: GR7801104760000047600365879<br \/><strong>Eurobank<\/strong> &#8211; Num\u00e9ro bancaire IBAN: GR1402604260000390200516778<br \/><strong>Banque du Pir\u00e9e<\/strong> &#8211; Num\u00e9ro bancaire IBAN: GR6601727170005717114866610<br \/><strong>Alpha Bank<\/strong> &#8211; Num\u00e9ro bancaire IBAN: GR8701406040604002002014462<\/p>\n<p><strong>Nom du titulaire du compte<\/strong> : Tinian Locals O.E.\u00a0 <\/p>\n<\/div>\n<\/li>\n<li>\n<h3>Quand dois-je faire l&rsquo;acquittement?<\/h3>\n<div>L\u2019acquittement du somme du s\u00e9jour qui laisse derri\u00e8re peut ses compl\u00e9ter pendant o\u00f9 \u00e0 la fin du s\u00e9jour.<\/div>\n<\/li>\n<li>\n<h3>Si je fais une annulation qu&rsquo;est-ce qu&rsquo;il se passe?<\/h3>\n<div>\n<p>Le visiteur peut annuler la r\u00e9servation sans aucune charge jusqu&rsquo;\u00e0 21 jours avant la date d&rsquo;arriv\u00e9e. \u00c0 ce cas, il recevra le somme de l&rsquo;avance qu&rsquo;il avait d\u00e9j\u00e0 donn\u00e9 pour faire la r\u00e9servation.<\/p>\n<p>Si le visiteur annule la r\u00e9servation en moins de 21 jours ou utilise \u00e0 la chambre moins longtemps que pr\u00e9vu, \u00e0 ce cas, il est tenu de rembourser que 50% du montant total de l&rsquo;espace qu&rsquo;il n&rsquo;a pas utilis\u00e9.<\/p>\n<p>Si le visiteur n\u2019est pas apparu, il est tenu de rembourser le logement avec le montant total de la r\u00e9servation.<\/p><\/div>\n<\/li>\n<\/ul>\n<h2>Arriv\u00e9e &#8211; D\u00e9part<\/h2>\n<ul>\n<li>\n<h3>Heure d\u2019arriv\u00e9e?<\/h3>\n<div>Check-in a 15:00 heures. Tout autre moment, apr\u00e8s consultation. <\/p>\n<p>Si l&rsquo; arriv\u00e9e se pass\u00e9 plus t\u00f4t, il y a d&rsquo;espace pour laisser les bagages gratuitement.<\/p>\n<\/div>\n<\/li>\n<li>\n<h3>Heure de d\u00e9part?<\/h3>\n<div>Check-out a lieu \u00e0 11:00.<\/p>\n<p>Le s\u00e9jour apr\u00e8s cette heure et jusqu\u2019 \u00e0 18 heures oblige le visiteur \u00e0 payer la moiti\u00e9 du loyer pour une journ\u00e9e. Rester apr\u00e8s de 18 heures oblige le visiteur payer tout le loyer d\u2019une journ\u00e9e.<br \/>\nSi le client refuse, l&rsquo;h\u00f4telier est en droit de retirer ses bagages de la chambre.<\/p>\n<\/div>\n<\/li>\n<\/ul>\n<p><!--more--><br \/>\n<!-- {\"type\":\"layout\",\"children\":[{\"name\":\"Intro\",\"type\":\"section\",\"props\":{\"height_viewport\":false,\"image_position\":\"center-center\",\"image_size\":\"cover\",\"media_background\":\"#fff\",\"media_overlay\":\"rgba(0,0,0,0)\",\"padding\":\"large\",\"style\":\"default\",\"title_breakpoint\":\"xl\",\"title_position\":\"top-left\",\"title_rotation\":\"left\",\"vertical_align\":\"\",\"width\":\"small\"},\"children\":[{\"type\":\"row\",\"children\":[{\"type\":\"column\",\"props\":{\"image_position\":\"center-center\",\"position_sticky_breakpoint\":\"m\",\"width_medium\":\"1-1\"},\"children\":[{\"type\":\"headline\",\"props\":{\"block_align\":\"center\",\"content\":\"Politique de Reservation\",\"margin_remove_bottom\":false,\"text_align\":\"center\",\"title_element\":\"h1\",\"title_style\":\"heading-small\"}},{\"type\":\"text\",\"props\":{\"block_align\":\"center\",\"column_breakpoint\":\"m\",\"content\":\"\",\"margin\":\"\",\"maxwidth\":\"2xlarge\",\"text_align\":\"center\",\"text_style\":\"lead\"}}]}]}]},{\"name\":\"Faq\",\"type\":\"section\",\"props\":{\"image_position\":\"center-center\",\"image_size\":\"cover\",\"padding\":\"large\",\"padding_remove_top\":true,\"style\":\"default\",\"title_breakpoint\":\"xl\",\"title_position\":\"top-left\",\"title_rotation\":\"left\",\"vertical_align\":\"\",\"width\":\"small\"},\"children\":[{\"type\":\"row\",\"props\":{\"margin\":\"xlarge\"},\"children\":[{\"type\":\"column\",\"props\":{\"image_position\":\"center-center\",\"position_sticky_breakpoint\":\"m\",\"width_medium\":\"1-1\"},\"children\":[{\"type\":\"headline\",\"props\":{\"content\":\"Finances\",\"margin\":\"medium\",\"text_align\":\"left\",\"title_decoration\":\"bullet\",\"title_element\":\"h2\",\"title_style\":\"h5\"}},{\"type\":\"accordion\",\"props\":{\"collapsible\":true,\"content_column_breakpoint\":\"m\",\"image_align\":\"top\",\"image_grid_breakpoint\":\"m\",\"image_grid_width\":\"1-2\",\"image_svg_color\":\"emphasis\",\"link_style\":\"default\",\"link_text\":\"Read more\",\"multiple\":false,\"show_image\":true,\"show_link\":true},\"children\":[{\"type\":\"accordion_item\",\"props\":{\"content\":\"Pour l'accomplissement de la r\\u00e9servation, le visiteur est oblig\\u00e9 de donner en avance le 25% de la somme total du s\\u00e9jour, en le d\\u00e9posant \\u00e0 un num\\u00e9ro bancaire. Le somme de l'avance ne peut pas \\u00eatre inf\\u00e9rieur \\u00e0 la location d\\u2019un jour. La r\\u00e9servation est consid\\u00e9r\\u00e9e comme invalide si le somme de l'avance n\\u2019est pas d\\u00e9pos\\u00e9 comme pr\\u00e9vu.\",\"title\":\"Quelle avance dois-je donner?\"}},{\"type\":\"accordion_item\",\"props\":{\"content\":\"\n\n<p>Vous pouvez d\\u00e9poser le somme qui correspond \\u00e0 votre r\\u00e9servation aux banques au-dessous:<\\\/p>\\n\n\n<p><strong>National\\\/Ethniki Bank<\\\/strong> - Num\\u00e9ro bancaire IBAN: GR7801104760000047600365879<br \\\/><strong>Eurobank<\\\/strong> - Num\\u00e9ro bancaire IBAN: GR1402604260000390200516778<br \\\/><strong>Banque du Pir\\u00e9e<\\\/strong> - Num\\u00e9ro bancaire IBAN: GR6601727170005717114866610<br \\\/><strong>Alpha Bank<\\\/strong> - Num\\u00e9ro bancaire IBAN: GR8701406040604002002014462<\\\/p>\\n\n\n<p><strong>Nom du titulaire du compte<\\\/strong> : Tinian Locals O.E.\\u00a0 <\\\/p>\",\"image\":\"\",\"title\":\"Quelles mani\\u00e8res de d\\u00e9position existent-elles?\"}},{\"type\":\"accordion_item\",\"props\":{\"content\":\"L\\u2019acquittement du somme du s\\u00e9jour qui laisse derri\\u00e8re peut ses compl\\u00e9ter pendant o\\u00f9 \\u00e0 la fin du s\\u00e9jour.\",\"title\":\"Quand dois-je faire l'acquittement?\"}},{\"type\":\"accordion_item\",\"props\":{\"content\":\"\n\n<p>Le visiteur peut annuler la r\\u00e9servation sans aucune charge jusqu'\\u00e0 21 jours avant la date d'arriv\\u00e9e. \\u00c0 ce cas, il recevra le somme de l'avance qu'il avait d\\u00e9j\\u00e0 donn\\u00e9 pour faire la r\\u00e9servation.<\\\/p>\\n\\n\n\n<p>Si le visiteur annule la r\\u00e9servation en moins de 21 jours ou utilise \\u00e0 la chambre moins longtemps que pr\\u00e9vu, \\u00e0 ce cas, il est tenu de rembourser que 50% du montant total de l'espace qu'il n'a pas utilis\\u00e9.<\\\/p>\\nSi le visiteur n\\u2019est pas apparu, il est tenu de rembourser le logement avec le montant total de la r\\u00e9servation.\",\"title\":\"Si je fais une annulation qu'est-ce qu'il se passe?\"}}]}]}]},{\"type\":\"row\",\"props\":{\"margin\":\"xlarge\"},\"children\":[{\"type\":\"column\",\"props\":{\"image_position\":\"center-center\",\"position_sticky_breakpoint\":\"m\",\"width_medium\":\"1-1\"},\"children\":[{\"type\":\"headline\",\"props\":{\"content\":\"Arriv\\u00e9e - D\\u00e9part\",\"margin\":\"medium\",\"text_align\":\"left\",\"title_decoration\":\"bullet\",\"title_element\":\"h2\",\"title_style\":\"h5\"}},{\"type\":\"accordion\",\"props\":{\"collapsible\":true,\"content_column_breakpoint\":\"m\",\"image_align\":\"top\",\"image_grid_breakpoint\":\"m\",\"image_grid_width\":\"1-2\",\"image_svg_color\":\"emphasis\",\"link_style\":\"default\",\"link_text\":\"Read more\",\"multiple\":false,\"show_image\":true,\"show_link\":true},\"children\":[{\"type\":\"accordion_item\",\"props\":{\"content\":\"Check-in a 15:00 heures. Tout autre moment, apr\\u00e8s consultation. \\n\n\n<p>Si l' arriv\\u00e9e se pass\\u00e9 plus t\\u00f4t, il y a d'espace pour laisser les bagages gratuitement.<\\\/p>\",\"title\":\"Heure d\\u2019arriv\\u00e9e?\"}},{\"type\":\"accordion_item\",\"props\":{\"content\":\"Check-out a lieu \\u00e0 11:00.\\n\\n\n\n<p>Le s\\u00e9jour apr\\u00e8s cette heure et jusqu\\u2019 \\u00e0 18 heures oblige le visiteur \\u00e0 payer la moiti\\u00e9 du loyer pour une journ\\u00e9e. Rester apr\\u00e8s de 18 heures oblige le visiteur payer tout le loyer d\\u2019une journ\\u00e9e.\\nSi le client refuse, l'h\\u00f4telier est en droit de retirer ses bagages de la chambre.<\\\/p>\",\"title\":\"Heure de d\\u00e9part?\"}}]}]}]}]}],\"version\":\"4.5.14\"} --><\/p>\n","protected":false},"excerpt":{"rendered":"<p>Politique de Reservation Finances Quelle avance dois-je donner? Pour l&rsquo;accomplissement de la r\u00e9servation, le visiteur est oblig\u00e9 de donner en avance le 25% de la somme total du s\u00e9jour, en le d\u00e9posant \u00e0 un num\u00e9ro bancaire. Le somme de l&rsquo;avance ne peut pas \u00eatre inf\u00e9rieur \u00e0 la location d\u2019un jour. La r\u00e9servation est consid\u00e9r\u00e9e comme [&hellip;]<\/p>\n","protected":false},"author":1,"featured_media":0,"parent":0,"menu_order":0,"comment_status":"closed","ping_status":"closed","template":"","meta":{"footnotes":""},"class_list":["post-130","page","type-page","status-publish","hentry"],"aioseo_notices":[],"_links":{"self":[{"href":"https:\/\/portovidali.gr\/fr\/wp-json\/wp\/v2\/pages\/130","targetHints":{"allow":["GET"]}}],"collection":[{"href":"https:\/\/portovidali.gr\/fr\/wp-json\/wp\/v2\/pages"}],"about":[{"href":"https:\/\/portovidali.gr\/fr\/wp-json\/wp\/v2\/types\/page"}],"author":[{"embeddable":true,"href":"https:\/\/portovidali.gr\/fr\/wp-json\/wp\/v2\/users\/1"}],"replies":[{"embeddable":true,"href":"https:\/\/portovidali.gr\/fr\/wp-json\/wp\/v2\/comments?post=130"}],"version-history":[{"count":3,"href":"https:\/\/portovidali.gr\/fr\/wp-json\/wp\/v2\/pages\/130\/revisions"}],"predecessor-version":[{"id":795,"href":"https:\/\/portovidali.gr\/fr\/wp-json\/wp\/v2\/pages\/130\/revisions\/795"}],"wp:attachment":[{"href":"https:\/\/portovidali.gr\/fr\/wp-json\/wp\/v2\/media?parent=130"}],"curies":[{"name":"wp","href":"https:\/\/api.w.org\/{rel}","templated":true}]}}