{"id":131,"date":"2023-12-15T14:52:51","date_gmt":"2023-12-15T12:52:51","guid":{"rendered":"https:\/\/portovidali.gr\/DEMO\/%cf%84%ce%ae%ce%bd%ce%bf%cf%82\/"},"modified":"2023-12-29T17:00:19","modified_gmt":"2023-12-29T15:00:19","slug":"tinos","status":"publish","type":"page","link":"https:\/\/portovidali.gr\/fr\/tinos\/","title":{"rendered":"Tinos"},"content":{"rendered":"<h1>\u00cele de Tinos<\/h1>\n<div>Bienvenus \u00e0 la muse de l\u2019Eg\u00e9e&#8230;<\/div>\n<div>L\u2019\u00eele \u00ab aux mantes \u00bb vous invite \u00e0 la d\u00e9couvrir et \u00e0 passer des vacances inoubliables. Elle vous lib\u00e9ralement tout ce que vous demandez par une destination de vacances. Cr\u00e9ez des moments uniques dans sa nature rare.<\/div>\n<p><img decoding=\"async\" src=\"\/DEMO\/wp-content\/uploads\/2023\/12\/tinos-1.webp\" alt=\"Appartements Tinos\"><\/p>\n<div>\n<p>Les 41 villages dispers\u00e9s de l\u2019\u00eele vous attendent pour d\u00e9couvrir leurs bien cach\u00e9es beaut\u00e9s. Leur secret est que vous devez marcher dans leurs ruelles pour pouvoir sentir leur aura, leurs parfums et enchanter de leurs bons.<\/p>\n<p>Des nombreuses plages pour tous les go\u00fbts. Calmes pour la d\u00e9tente et la tranquillit\u00e9 et cosmopolites pour des divertissements toute la journ\u00e9e avec la musique forte par les bars pr\u00e8s de la mer, cocktails d\u2019\u00e9t\u00e9 et jouer dans les eaux toutes bleues.<\/p>\n<\/div>\n<p><img decoding=\"async\" src=\"\/DEMO\/wp-content\/uploads\/2023\/12\/tinos-2.webp\" alt=\"Appartements Tinos\"><br \/>\n<img decoding=\"async\" src=\"\/DEMO\/wp-content\/uploads\/2023\/12\/tinos-3.webp\" alt=\"Appartements Tinos\"><\/p>\n<div>\n<p>Pour les amateurs de sports et d\u2019action, elle vous propose des services de surf ou de scuba diving. Des chemins cartographes pour les pi\u00e9tons dans des paysages de r\u00eave. Et pour les plus t\u00e9m\u00e9raires, grimper dans la montagne Exombourgo et boulder sur les rocheres de Volax et de Livada.<\/p>\n<p>Profitez de sa gastronomie unique dans ses restaurants et ses tavernes dispersent. Go\u00fbtez ses plats traditionnels et buvez du vin et du raki local.<\/p>\n<p>D\u00e9couvrez sa civilisation et son histoire. C\u2019est notre \u00eele et nous aiderons \u00e0 l&rsquo;aimer comme nous le faisons, en commen\u00e7ant par notre hospitalit\u00e9.<\/p>\n<p>Pour tout autre \u00e9v\u00e9nement ayant lieu pendant votre s\u00e9jour sur notre \u00eele, le personnel du porto Vidali vous informera en temps utile.<\/p>\n<\/div>\n<p><!--more--><br \/>\n<!-- {\"type\":\"layout\",\"children\":[{\"name\":\"title\",\"type\":\"section\",\"props\":{\"image_position\":\"center-center\",\"style\":\"primary\",\"title_breakpoint\":\"xl\",\"title_position\":\"top-left\",\"title_rotation\":\"left\",\"vertical_align\":\"middle\",\"width\":\"large\"},\"children\":[{\"type\":\"row\",\"children\":[{\"type\":\"column\",\"props\":{\"image_position\":\"center-center\",\"position_sticky_breakpoint\":\"m\",\"width_medium\":\"1-1\"},\"children\":[{\"type\":\"headline\",\"props\":{\"content\":\"\\u00cele de Tinos\",\"css\":\".el-element \",\"title_element\":\"h1\",\"title_style\":\"heading-medium\"}}]}]}]},{\"name\":\"About\",\"type\":\"section\",\"props\":{\"animation\":\"scale-up\",\"animation_delay\":\"200\",\"image_position\":\"center-center\",\"padding\":\"large\",\"style\":\"default\",\"title\":\"Authentic Tradition\",\"title_breakpoint\":\"xl\",\"title_position\":\"center-right\",\"title_rotation\":\"left\",\"vertical_align\":\"middle\",\"width\":\"large\"},\"children\":[{\"type\":\"row\",\"props\":{\"column_gap\":\"large\",\"layout\":\"1-2,1-2\",\"row_gap\":\"large\",\"vertical_align\":true},\"children\":[{\"type\":\"column\",\"props\":{\"image_position\":\"center-center\",\"position_sticky_breakpoint\":\"m\",\"vertical_align\":\"middle\",\"width_small\":\"1-2\"},\"children\":[{\"type\":\"headline\",\"props\":{\"content\":\"Bienvenus \\u00e0 la muse de l\\u2019Eg\\u00e9e...\",\"text_align\":\"center\",\"title_element\":\"div\",\"title_style\":\"h4\"}},{\"type\":\"text\",\"props\":{\"block_align\":\"center\",\"column_breakpoint\":\"m\",\"content\":\"L\\u2019\\u00eele \\u00ab aux mantes \\u00bb vous invite \\u00e0 la d\\u00e9couvrir et \\u00e0 passer des vacances inoubliables. Elle vous lib\\u00e9ralement tout ce que vous demandez par une destination de vacances. Cr\\u00e9ez des moments uniques dans sa nature rare.\",\"margin\":\"default\",\"maxwidth\":\"xlarge\",\"text_align\":\"center\",\"text_style\":\"lead\"}}]},{\"type\":\"column\",\"props\":{\"image_position\":\"center-center\",\"position_sticky_breakpoint\":\"m\",\"vertical_align\":\"middle\",\"width_small\":\"1-2\"},\"children\":[{\"type\":\"image\",\"props\":{\"image\":\"wp-content\\\/uploads\\\/2023\\\/12\\\/tinos-1.webp\",\"image_alt\":\"Appartements Tinos\",\"image_svg_color\":\"emphasis\",\"image_width\":\"650\",\"margin\":\"default\"}}]}]},{\"type\":\"row\",\"props\":{\"column_gap\":\"large\",\"layout\":\"1-2,1-2\",\"row_gap\":\"large\",\"vertical_align\":false},\"children\":[{\"type\":\"column\",\"props\":{\"image_position\":\"center-center\",\"position_sticky_breakpoint\":\"m\",\"vertical_align\":\"middle\",\"width_small\":\"1-2\"},\"children\":[{\"type\":\"text\",\"props\":{\"column_breakpoint\":\"m\",\"content\":\"\n\n<p>Les 41 villages dispers\\u00e9s de l\\u2019\\u00eele vous attendent pour d\\u00e9couvrir leurs bien cach\\u00e9es beaut\\u00e9s. Leur secret est que vous devez marcher dans leurs ruelles pour pouvoir sentir leur aura, leurs parfums et enchanter de leurs bons.<\\\/p>\\n\n\n<p>Des nombreuses plages pour tous les go\\u00fbts. Calmes pour la d\\u00e9tente et la tranquillit\\u00e9 et cosmopolites pour des divertissements toute la journ\\u00e9e avec la musique forte par les bars pr\\u00e8s de la mer, cocktails d\\u2019\\u00e9t\\u00e9 et jouer dans les eaux toutes bleues.<\\\/p>\",\"margin\":\"xlarge\",\"margin_remove_top\":true,\"maxwidth\":\"xlarge\",\"maxwidth_breakpoint\":\"m\",\"text_align\":\"left\",\"text_align_breakpoint\":\"s\",\"text_align_fallback\":\"center\",\"text_style\":\"large\"}}]},{\"type\":\"column\",\"props\":{\"image_position\":\"center-center\",\"order_first\":\"s\",\"position_sticky_breakpoint\":\"m\",\"width_small\":\"1-2\"},\"children\":[{\"type\":\"image\",\"props\":{\"image\":\"wp-content\\\/uploads\\\/2023\\\/12\\\/tinos-2.webp\",\"image_alt\":\"Appartements Tinos\",\"image_svg_color\":\"emphasis\",\"image_width\":\"650\",\"margin\":\"large\"}}]}]},{\"type\":\"row\",\"props\":{\"column_gap\":\"large\",\"layout\":\"1-2,1-2\",\"row_gap\":\"large\",\"vertical_align\":false},\"children\":[{\"type\":\"column\",\"props\":{\"image_position\":\"center-center\",\"position_sticky_breakpoint\":\"m\",\"width_small\":\"1-2\"},\"children\":[{\"type\":\"image\",\"props\":{\"image\":\"wp-content\\\/uploads\\\/2023\\\/12\\\/tinos-3.webp\",\"image_alt\":\"Appartements Tinos\",\"image_svg_color\":\"emphasis\",\"image_width\":\"650\",\"margin\":\"default\"}}]},{\"type\":\"column\",\"props\":{\"image_position\":\"center-center\",\"order_first\":\"s\",\"position_sticky_breakpoint\":\"m\",\"vertical_align\":\"middle\",\"width_small\":\"1-2\"},\"children\":[{\"type\":\"text\",\"props\":{\"column_breakpoint\":\"m\",\"content\":\"\n\n<p>Pour les amateurs de sports et d\\u2019action, elle vous propose des services de surf ou de scuba diving. Des chemins cartographes pour les pi\\u00e9tons dans des paysages de r\\u00eave. Et pour les plus t\\u00e9m\\u00e9raires, grimper dans la montagne Exombourgo et boulder sur les rocheres de Volax et de Livada.<\\\/p>\\n\n\n<p>Profitez de sa gastronomie unique dans ses restaurants et ses tavernes dispersent. Go\\u00fbtez ses plats traditionnels et buvez du vin et du raki local.<\\\/p>\\n\n\n<p>D\\u00e9couvrez sa civilisation et son histoire. C\\u2019est notre \\u00eele et nous aiderons \\u00e0 l'aimer comme nous le faisons, en commen\\u00e7ant par notre hospitalit\\u00e9.\\n\\nPour tout autre \\u00e9v\\u00e9nement ayant lieu pendant votre s\\u00e9jour sur notre \\u00eele, le personnel du porto Vidali vous informera en temps utile.<\\\/p>\",\"margin\":\"xlarge\",\"margin_remove_top\":true,\"maxwidth\":\"xlarge\",\"maxwidth_breakpoint\":\"m\",\"text_align\":\"left\",\"text_align_breakpoint\":\"s\",\"text_align_fallback\":\"center\",\"text_style\":\"large\"}}]}]}]}],\"version\":\"4.2.11\"} --><\/p>\n","protected":false},"excerpt":{"rendered":"<p>\u00cele de Tinos Bienvenus \u00e0 la muse de l\u2019Eg\u00e9e&#8230; L\u2019\u00eele \u00ab aux mantes \u00bb vous invite \u00e0 la d\u00e9couvrir et \u00e0 passer des vacances inoubliables. Elle vous lib\u00e9ralement tout ce que vous demandez par une destination de vacances. Cr\u00e9ez des moments uniques dans sa nature rare. Les 41 villages dispers\u00e9s de l\u2019\u00eele vous attendent pour [&hellip;]<\/p>\n","protected":false},"author":1,"featured_media":0,"parent":0,"menu_order":0,"comment_status":"closed","ping_status":"closed","template":"","meta":{"footnotes":""},"class_list":["post-131","page","type-page","status-publish","hentry"],"aioseo_notices":[],"_links":{"self":[{"href":"https:\/\/portovidali.gr\/fr\/wp-json\/wp\/v2\/pages\/131","targetHints":{"allow":["GET"]}}],"collection":[{"href":"https:\/\/portovidali.gr\/fr\/wp-json\/wp\/v2\/pages"}],"about":[{"href":"https:\/\/portovidali.gr\/fr\/wp-json\/wp\/v2\/types\/page"}],"author":[{"embeddable":true,"href":"https:\/\/portovidali.gr\/fr\/wp-json\/wp\/v2\/users\/1"}],"replies":[{"embeddable":true,"href":"https:\/\/portovidali.gr\/fr\/wp-json\/wp\/v2\/comments?post=131"}],"version-history":[{"count":0,"href":"https:\/\/portovidali.gr\/fr\/wp-json\/wp\/v2\/pages\/131\/revisions"}],"wp:attachment":[{"href":"https:\/\/portovidali.gr\/fr\/wp-json\/wp\/v2\/media?parent=131"}],"curies":[{"name":"wp","href":"https:\/\/api.w.org\/{rel}","templated":true}]}}